{"id":828,"date":"2021-06-07T09:42:09","date_gmt":"2021-06-07T09:42:09","guid":{"rendered":"https:\/\/bpm.rettenmund.com\/?page_id=828"},"modified":"2022-11-28T16:52:21","modified_gmt":"2022-11-28T16:52:21","slug":"home","status":"publish","type":"page","link":"https:\/\/www.praxis-fuer-mediation.ch\/fr\/","title":{"rendered":"Home"},"content":{"rendered":"<p>[vc_row][vc_column][vc_column_text css_animation=\u00a0\u00bbzoomIn\u00a0\u00bb el_id=\u00a0\u00bbfrontlogo\u00a0\u00bb]<a href=\"\/fr\/mediation\/\"><img loading=\"lazy\" decoding=\"async\" width=\"213\" height=\"315\" class=\"size-full wp-image-555 aligncenter\" src=\"https:\/\/www.praxis-fuer-mediation.ch\/wp-content\/uploads\/logo.png\" alt=\"\" srcset=\"https:\/\/www.praxis-fuer-mediation.ch\/wp-content\/uploads\/logo.png 213w, https:\/\/www.praxis-fuer-mediation.ch\/wp-content\/uploads\/logo-203x300.png 203w\" sizes=\"(max-width: 213px) 100vw, 213px\" \/><\/a>[\/vc_column_text][vc_column_text el_class=\u00a0\u00bbfrontpagelogotext\u00a0\u00bb]<\/p>\n<p style=\"text-align: center; line-height: 45px; font-size: 40px !important;\">Centre biennois de m\u00e9diation<br \/>\nBieler Praxis f\u00fcr Mediation<\/p>\n<p>[\/vc_column_text][vc_column_text el_class=\u00a0\u00bbfrontpagelogoslogan\u00a0\u00bb]<\/p>\n<p style=\"text-align: center;\">Nous vous soutenons dans vos d\u00e9marches pour la r\u00e9solution de conflits<\/p>\n<p>[\/vc_column_text][\/vc_column][\/vc_row][vc_row el_class=\u00a0\u00bbfrontpagefooter\u00a0\u00bb][vc_column][vc_column_text]Les m\u00e9diations sont propos\u00e9es en <a href=\"https:\/\/www.praxis-fuer-mediation.ch\/fr\/mediation\/\">fran\u00e7ais<\/a> ou en <a href=\"https:\/\/www.praxis-fuer-mediation.ch\/mediation\/\">allemand<\/a>, selon la situation par m\u00e9diation individuelle ou par co-m\u00e9diation (\u00e9quipe de deux personnes). Les m\u00e9diatrices et les m\u00e9diateurs ont une formation juridique ou psychologique.[\/vc_column_text][\/vc_column][\/vc_row]<\/p>\n","protected":false},"excerpt":{"rendered":"<p>[vc_row][vc_column][vc_column_text css_animation=\u00a0\u00bbzoomIn\u00a0\u00bb el_id=\u00a0\u00bbfrontlogo\u00a0\u00bb][\/vc_column_text][vc_column_text el_class=\u00a0\u00bbfrontpagelogotext\u00a0\u00bb] Centre biennois de m\u00e9diation Bieler Praxis f\u00fcr Mediation [\/vc_column_text][vc_column_text el_class=\u00a0\u00bbfrontpagelogoslogan\u00a0\u00bb] Nous vous soutenons dans vos d\u00e9marches pour la r\u00e9solution de conflits [\/vc_column_text][\/vc_column][\/vc_row][vc_row el_class=\u00a0\u00bbfrontpagefooter\u00a0\u00bb][vc_column][vc_column_text]Les m\u00e9diations sont propos\u00e9es en fran\u00e7ais ou en allemand, selon la situation par m\u00e9diation individuelle ou par co-m\u00e9diation (\u00e9quipe de deux personnes). Les m\u00e9diatrices et les m\u00e9diateurs ont une [&hellip;]<\/p>\n","protected":false},"author":1,"featured_media":0,"parent":0,"menu_order":0,"comment_status":"closed","ping_status":"closed","template":"page-frontpage.php","meta":{"_acf_changed":false,"footnotes":""},"acf":[],"yoast_head":"<!-- This site is optimized with the Yoast SEO plugin v23.9 - https:\/\/yoast.com\/wordpress\/plugins\/seo\/ -->\n<title>Bienvenue - Centre biennois de m\u00e9diation - Biel\/Bienne<\/title>\n<meta name=\"robots\" content=\"index, follow, max-snippet:-1, max-image-preview:large, max-video-preview:-1\" \/>\n<link rel=\"canonical\" href=\"https:\/\/www.praxis-fuer-mediation.ch\/fr\/\" \/>\n<meta property=\"og:locale\" content=\"fr_FR\" \/>\n<meta property=\"og:type\" content=\"article\" \/>\n<meta property=\"og:title\" content=\"Bienvenue - Centre biennois de m\u00e9diation - Biel\/Bienne\" \/>\n<meta property=\"og:description\" content=\"[vc_row][vc_column][vc_column_text css_animation=\u00a0\u00bbzoomIn\u00a0\u00bb el_id=\u00a0\u00bbfrontlogo\u00a0\u00bb][\/vc_column_text][vc_column_text el_class=\u00a0\u00bbfrontpagelogotext\u00a0\u00bb] Centre biennois de m\u00e9diation Bieler Praxis f\u00fcr Mediation [\/vc_column_text][vc_column_text el_class=\u00a0\u00bbfrontpagelogoslogan\u00a0\u00bb] Nous vous soutenons dans vos d\u00e9marches pour la r\u00e9solution de conflits [\/vc_column_text][\/vc_column][\/vc_row][vc_row el_class=\u00a0\u00bbfrontpagefooter\u00a0\u00bb][vc_column][vc_column_text]Les m\u00e9diations sont propos\u00e9es en fran\u00e7ais ou en allemand, selon la situation par m\u00e9diation individuelle ou par co-m\u00e9diation (\u00e9quipe de deux personnes). Les m\u00e9diatrices et les m\u00e9diateurs ont une [&hellip;]\" \/>\n<meta property=\"og:url\" content=\"https:\/\/www.praxis-fuer-mediation.ch\/fr\/\" \/>\n<meta property=\"og:site_name\" content=\"Bieler Praxis f\u00fcr Mediation\" \/>\n<meta property=\"article:modified_time\" content=\"2022-11-28T16:52:21+00:00\" \/>\n<meta property=\"og:image\" content=\"https:\/\/www.praxis-fuer-mediation.ch\/wp-content\/uploads\/logo.png\" \/>\n<meta name=\"twitter:card\" content=\"summary_large_image\" \/>\n<meta name=\"twitter:label1\" content=\"Dur\u00e9e de lecture estim\u00e9e\" \/>\n\t<meta name=\"twitter:data1\" content=\"1 minute\" \/>\n<script type=\"application\/ld+json\" class=\"yoast-schema-graph\">{\"@context\":\"https:\/\/schema.org\",\"@graph\":[{\"@type\":\"WebPage\",\"@id\":\"https:\/\/www.praxis-fuer-mediation.ch\/fr\/\",\"url\":\"https:\/\/www.praxis-fuer-mediation.ch\/fr\/\",\"name\":\"Bienvenue - Centre biennois de m\u00e9diation - Biel\/Bienne\",\"isPartOf\":{\"@id\":\"https:\/\/www.praxis-fuer-mediation.ch\/fr\/#website\"},\"primaryImageOfPage\":{\"@id\":\"https:\/\/www.praxis-fuer-mediation.ch\/fr\/#primaryimage\"},\"image\":{\"@id\":\"https:\/\/www.praxis-fuer-mediation.ch\/fr\/#primaryimage\"},\"thumbnailUrl\":\"https:\/\/www.praxis-fuer-mediation.ch\/wp-content\/uploads\/logo.png\",\"datePublished\":\"2021-06-07T09:42:09+00:00\",\"dateModified\":\"2022-11-28T16:52:21+00:00\",\"breadcrumb\":{\"@id\":\"https:\/\/www.praxis-fuer-mediation.ch\/fr\/#breadcrumb\"},\"inLanguage\":\"fr-FR\",\"potentialAction\":[{\"@type\":\"ReadAction\",\"target\":[\"https:\/\/www.praxis-fuer-mediation.ch\/fr\/\"]}]},{\"@type\":\"ImageObject\",\"inLanguage\":\"fr-FR\",\"@id\":\"https:\/\/www.praxis-fuer-mediation.ch\/fr\/#primaryimage\",\"url\":\"https:\/\/www.praxis-fuer-mediation.ch\/wp-content\/uploads\/logo.png\",\"contentUrl\":\"https:\/\/www.praxis-fuer-mediation.ch\/wp-content\/uploads\/logo.png\"},{\"@type\":\"BreadcrumbList\",\"@id\":\"https:\/\/www.praxis-fuer-mediation.ch\/fr\/#breadcrumb\",\"itemListElement\":[{\"@type\":\"ListItem\",\"position\":1,\"name\":\"Startseite\",\"item\":\"https:\/\/www.praxis-fuer-mediation.ch\/fr\/\"},{\"@type\":\"ListItem\",\"position\":2,\"name\":\"Home\"}]},{\"@type\":\"WebSite\",\"@id\":\"https:\/\/www.praxis-fuer-mediation.ch\/fr\/#website\",\"url\":\"https:\/\/www.praxis-fuer-mediation.ch\/fr\/\",\"name\":\"Bieler Praxis f\u00fcr Mediation\",\"description\":\"\",\"potentialAction\":[{\"@type\":\"SearchAction\",\"target\":{\"@type\":\"EntryPoint\",\"urlTemplate\":\"https:\/\/www.praxis-fuer-mediation.ch\/fr\/?s={search_term_string}\"},\"query-input\":{\"@type\":\"PropertyValueSpecification\",\"valueRequired\":true,\"valueName\":\"search_term_string\"}}],\"inLanguage\":\"fr-FR\"}]}<\/script>\n<!-- \/ Yoast SEO plugin. -->","yoast_head_json":{"title":"Bienvenue - Centre biennois de m\u00e9diation - Biel\/Bienne","robots":{"index":"index","follow":"follow","max-snippet":"max-snippet:-1","max-image-preview":"max-image-preview:large","max-video-preview":"max-video-preview:-1"},"canonical":"https:\/\/www.praxis-fuer-mediation.ch\/fr\/","og_locale":"fr_FR","og_type":"article","og_title":"Bienvenue - Centre biennois de m\u00e9diation - Biel\/Bienne","og_description":"[vc_row][vc_column][vc_column_text css_animation=\u00a0\u00bbzoomIn\u00a0\u00bb el_id=\u00a0\u00bbfrontlogo\u00a0\u00bb][\/vc_column_text][vc_column_text el_class=\u00a0\u00bbfrontpagelogotext\u00a0\u00bb] Centre biennois de m\u00e9diation Bieler Praxis f\u00fcr Mediation [\/vc_column_text][vc_column_text el_class=\u00a0\u00bbfrontpagelogoslogan\u00a0\u00bb] Nous vous soutenons dans vos d\u00e9marches pour la r\u00e9solution de conflits [\/vc_column_text][\/vc_column][\/vc_row][vc_row el_class=\u00a0\u00bbfrontpagefooter\u00a0\u00bb][vc_column][vc_column_text]Les m\u00e9diations sont propos\u00e9es en fran\u00e7ais ou en allemand, selon la situation par m\u00e9diation individuelle ou par co-m\u00e9diation (\u00e9quipe de deux personnes). Les m\u00e9diatrices et les m\u00e9diateurs ont une [&hellip;]","og_url":"https:\/\/www.praxis-fuer-mediation.ch\/fr\/","og_site_name":"Bieler Praxis f\u00fcr Mediation","article_modified_time":"2022-11-28T16:52:21+00:00","og_image":[{"url":"https:\/\/www.praxis-fuer-mediation.ch\/wp-content\/uploads\/logo.png"}],"twitter_card":"summary_large_image","twitter_misc":{"Dur\u00e9e de lecture estim\u00e9e":"1 minute"},"schema":{"@context":"https:\/\/schema.org","@graph":[{"@type":"WebPage","@id":"https:\/\/www.praxis-fuer-mediation.ch\/fr\/","url":"https:\/\/www.praxis-fuer-mediation.ch\/fr\/","name":"Bienvenue - Centre biennois de m\u00e9diation - Biel\/Bienne","isPartOf":{"@id":"https:\/\/www.praxis-fuer-mediation.ch\/fr\/#website"},"primaryImageOfPage":{"@id":"https:\/\/www.praxis-fuer-mediation.ch\/fr\/#primaryimage"},"image":{"@id":"https:\/\/www.praxis-fuer-mediation.ch\/fr\/#primaryimage"},"thumbnailUrl":"https:\/\/www.praxis-fuer-mediation.ch\/wp-content\/uploads\/logo.png","datePublished":"2021-06-07T09:42:09+00:00","dateModified":"2022-11-28T16:52:21+00:00","breadcrumb":{"@id":"https:\/\/www.praxis-fuer-mediation.ch\/fr\/#breadcrumb"},"inLanguage":"fr-FR","potentialAction":[{"@type":"ReadAction","target":["https:\/\/www.praxis-fuer-mediation.ch\/fr\/"]}]},{"@type":"ImageObject","inLanguage":"fr-FR","@id":"https:\/\/www.praxis-fuer-mediation.ch\/fr\/#primaryimage","url":"https:\/\/www.praxis-fuer-mediation.ch\/wp-content\/uploads\/logo.png","contentUrl":"https:\/\/www.praxis-fuer-mediation.ch\/wp-content\/uploads\/logo.png"},{"@type":"BreadcrumbList","@id":"https:\/\/www.praxis-fuer-mediation.ch\/fr\/#breadcrumb","itemListElement":[{"@type":"ListItem","position":1,"name":"Startseite","item":"https:\/\/www.praxis-fuer-mediation.ch\/fr\/"},{"@type":"ListItem","position":2,"name":"Home"}]},{"@type":"WebSite","@id":"https:\/\/www.praxis-fuer-mediation.ch\/fr\/#website","url":"https:\/\/www.praxis-fuer-mediation.ch\/fr\/","name":"Bieler Praxis f\u00fcr Mediation","description":"","potentialAction":[{"@type":"SearchAction","target":{"@type":"EntryPoint","urlTemplate":"https:\/\/www.praxis-fuer-mediation.ch\/fr\/?s={search_term_string}"},"query-input":{"@type":"PropertyValueSpecification","valueRequired":true,"valueName":"search_term_string"}}],"inLanguage":"fr-FR"}]}},"_links":{"self":[{"href":"https:\/\/www.praxis-fuer-mediation.ch\/fr\/wp-json\/wp\/v2\/pages\/828"}],"collection":[{"href":"https:\/\/www.praxis-fuer-mediation.ch\/fr\/wp-json\/wp\/v2\/pages"}],"about":[{"href":"https:\/\/www.praxis-fuer-mediation.ch\/fr\/wp-json\/wp\/v2\/types\/page"}],"author":[{"embeddable":true,"href":"https:\/\/www.praxis-fuer-mediation.ch\/fr\/wp-json\/wp\/v2\/users\/1"}],"replies":[{"embeddable":true,"href":"https:\/\/www.praxis-fuer-mediation.ch\/fr\/wp-json\/wp\/v2\/comments?post=828"}],"version-history":[{"count":7,"href":"https:\/\/www.praxis-fuer-mediation.ch\/fr\/wp-json\/wp\/v2\/pages\/828\/revisions"}],"predecessor-version":[{"id":1183,"href":"https:\/\/www.praxis-fuer-mediation.ch\/fr\/wp-json\/wp\/v2\/pages\/828\/revisions\/1183"}],"wp:attachment":[{"href":"https:\/\/www.praxis-fuer-mediation.ch\/fr\/wp-json\/wp\/v2\/media?parent=828"}],"curies":[{"name":"wp","href":"https:\/\/api.w.org\/{rel}","templated":true}]}}