{"id":842,"date":"2021-06-07T09:46:39","date_gmt":"2021-06-07T09:46:39","guid":{"rendered":"https:\/\/bpm.rettenmund.com\/?page_id=842"},"modified":"2021-07-16T10:04:44","modified_gmt":"2021-07-16T10:04:44","slug":"contact","status":"publish","type":"page","link":"https:\/\/www.praxis-fuer-mediation.ch\/fr\/contact\/","title":{"rendered":"contact"},"content":{"rendered":"<p>[vc_row][vc_column][vc_column_text]<\/p>\n<h1>Contact<\/h1>\n<p>[\/vc_column_text][vc_column_text]Centre biennois de m\u00e9diation<br \/>\nRue de la Gare 50<br \/>\n2502 Bienne<\/p>\n<p>T\u00e9l\u00e9phone +41 (0)31 636 15 40<br \/>\n<a href=\"mailto:info@praxis-fuer-mediation.ch\">info@praxis-fuer-mediation.ch<\/a><br \/>\n<a href=\"https:\/\/www.praxis-fuer-mediation.ch\">www.praxis-fuer-mediation.ch<\/a>[\/vc_column_text][vc_empty_space height=\u00a0\u00bb30px\u00a0\u00bb][vc_column_text]<\/p>\n<h2>Formulaire de contact<\/h2>\n<p>[\/vc_column_text]<script type=\"text\/javascript\">\n\/* <![CDATA[ *\/\nvar gform;gform||(document.addEventListener(\"gform_main_scripts_loaded\",function(){gform.scriptsLoaded=!0}),document.addEventListener(\"gform\/theme\/scripts_loaded\",function(){gform.themeScriptsLoaded=!0}),window.addEventListener(\"DOMContentLoaded\",function(){gform.domLoaded=!0}),gform={domLoaded:!1,scriptsLoaded:!1,themeScriptsLoaded:!1,isFormEditor:()=>\"function\"==typeof InitializeEditor,callIfLoaded:function(o){return!(!gform.domLoaded||!gform.scriptsLoaded||!gform.themeScriptsLoaded&&!gform.isFormEditor()||(gform.isFormEditor()&&console.warn(\"The use of gform.initializeOnLoaded() is deprecated in the form editor context and will be removed in Gravity Forms 3.1.\"),o(),0))},initializeOnLoaded:function(o){gform.callIfLoaded(o)||(document.addEventListener(\"gform_main_scripts_loaded\",()=>{gform.scriptsLoaded=!0,gform.callIfLoaded(o)}),document.addEventListener(\"gform\/theme\/scripts_loaded\",()=>{gform.themeScriptsLoaded=!0,gform.callIfLoaded(o)}),window.addEventListener(\"DOMContentLoaded\",()=>{gform.domLoaded=!0,gform.callIfLoaded(o)}))},hooks:{action:{},filter:{}},addAction:function(o,r,e,t){gform.addHook(\"action\",o,r,e,t)},addFilter:function(o,r,e,t){gform.addHook(\"filter\",o,r,e,t)},doAction:function(o){gform.doHook(\"action\",o,arguments)},applyFilters:function(o){return gform.doHook(\"filter\",o,arguments)},removeAction:function(o,r){gform.removeHook(\"action\",o,r)},removeFilter:function(o,r,e){gform.removeHook(\"filter\",o,r,e)},addHook:function(o,r,e,t,n){null==gform.hooks[o][r]&&(gform.hooks[o][r]=[]);var d=gform.hooks[o][r];null==n&&(n=r+\"_\"+d.length),gform.hooks[o][r].push({tag:n,callable:e,priority:t=null==t?10:t})},doHook:function(r,o,e){var t;if(e=Array.prototype.slice.call(e,1),null!=gform.hooks[r][o]&&((o=gform.hooks[r][o]).sort(function(o,r){return o.priority-r.priority}),o.forEach(function(o){\"function\"!=typeof(t=o.callable)&&(t=window[t]),\"action\"==r?t.apply(null,e):e[0]=t.apply(null,e)})),\"filter\"==r)return e[0]},removeHook:function(o,r,t,n){var e;null!=gform.hooks[o][r]&&(e=(e=gform.hooks[o][r]).filter(function(o,r,e){return!!(null!=n&&n!=o.tag||null!=t&&t!=o.priority)}),gform.hooks[o][r]=e)}});\n\/* ]]> *\/\n<\/script>\n\n                <div class='gf_browser_gecko gform_wrapper gform_legacy_markup_wrapper gform-theme--no-framework' data-form-theme='legacy' data-form-index='0' id='gform_wrapper_2' ><form method='post' enctype='multipart\/form-data'  id='gform_2'  action='\/fr\/wp-json\/wp\/v2\/pages\/842' data-formid='2' novalidate>\n                        <div class='gform-body gform_body'><ul id='gform_fields_2' class='gform_fields top_label form_sublabel_below description_below validation_below'><li id=\"field_2_10\" class=\"gfield gfield--type-honeypot gform_validation_container field_sublabel_below gfield--has-description field_description_below field_validation_below gfield_visibility_visible\"  ><label class='gfield_label gform-field-label' for='input_2_10'>X\/Twitter<\/label><div class='ginput_container'><input name='input_10' id='input_2_10' type='text' value='' autocomplete='new-password'\/><\/div><div class='gfield_description' id='gfield_description_2_10'>Ce champ n\u2019est utilis\u00e9 qu\u2019\u00e0 des fins de validation et devrait rester inchang\u00e9.<\/div><\/li><li id=\"field_2_1\" class=\"gfield gfield--type-text field_sublabel_below gfield--no-description field_description_below field_validation_below gfield_visibility_visible\"  ><label class='gfield_label gform-field-label' for='input_2_1'>Entreprise \/ organisation<\/label><div class='ginput_container ginput_container_text'><input name='input_1' id='input_2_1' type='text' value='' class='large'      aria-invalid=\"false\"   \/><\/div><\/li><li id=\"field_2_2\" class=\"gfield gfield--type-text field_sublabel_below gfield--no-description field_description_below field_validation_below gfield_visibility_visible\"  ><label class='gfield_label gform-field-label' for='input_2_2'>Pr\u00e9nom<\/label><div class='ginput_container ginput_container_text'><input name='input_2' id='input_2_2' type='text' value='' class='large'      aria-invalid=\"false\"   \/><\/div><\/li><li id=\"field_2_3\" class=\"gfield gfield--type-text field_sublabel_below gfield--no-description field_description_below field_validation_below gfield_visibility_visible\"  ><label class='gfield_label gform-field-label' for='input_2_3'>Nom<\/label><div class='ginput_container ginput_container_text'><input name='input_3' id='input_2_3' type='text' value='' class='large'      aria-invalid=\"false\"   \/><\/div><\/li><li id=\"field_2_8\" class=\"gfield gfield--type-text field_sublabel_below gfield--no-description field_description_below field_validation_below gfield_visibility_visible\"  ><label class='gfield_label gform-field-label' for='input_2_8'>Num\u00e9ro de t\u00e9l\u00e9phone<\/label><div class='ginput_container ginput_container_text'><input name='input_8' id='input_2_8' type='text' value='' class='large'      aria-invalid=\"false\"   \/><\/div><\/li><li id=\"field_2_4\" class=\"gfield gfield--type-email field_sublabel_below gfield--no-description field_description_below field_validation_below gfield_visibility_visible\"  ><label class='gfield_label gform-field-label' for='input_2_4'>E-Mail<\/label><div class='ginput_container ginput_container_email'>\n                            <input name='input_4' id='input_2_4' type='email' value='' class='medium'     aria-invalid=\"false\"  \/>\n                        <\/div><\/li><li id=\"field_2_9\" class=\"gfield gfield--type-textarea field_sublabel_below gfield--no-description field_description_below field_validation_below gfield_visibility_visible\"  ><label class='gfield_label gform-field-label' for='input_2_9'>Remarques<\/label><div class='ginput_container ginput_container_textarea'><textarea name='input_9' id='input_2_9' class='textarea medium'      aria-invalid=\"false\"   rows='10' cols='50'><\/textarea><\/div><\/li><\/ul><\/div>\n        <div class='gform-footer gform_footer top_label'> <input type='submit' id='gform_submit_button_2' class='gform_button button' onclick='gform.submission.handleButtonClick(this);' data-submission-type='submit' value='Soumettre'  \/> \n            <input type='hidden' class='gform_hidden' name='gform_submission_method' data-js='gform_submission_method_2' value='postback' \/>\n            <input type='hidden' class='gform_hidden' name='gform_theme' data-js='gform_theme_2' id='gform_theme_2' value='legacy' \/>\n            <input type='hidden' class='gform_hidden' name='gform_style_settings' data-js='gform_style_settings_2' id='gform_style_settings_2' value='[]' \/>\n            <input type='hidden' class='gform_hidden' name='is_submit_2' value='1' \/>\n            <input type='hidden' class='gform_hidden' name='gform_submit' value='2' \/>\n            \n            <input type='hidden' class='gform_hidden' name='gform_currency' data-currency='USD' value='W7OXlNSaQS4gNyTvpYLyYPZ8rlq8y\/0oCvc494w5zs1fUyZ2K0V8j9EQVDtU1xtPUo9bBi9npQq3H\/D8gnbITWow0pXjmN0E9MVW6Md8wJPxyJo=' \/>\n            <input type='hidden' class='gform_hidden' name='gform_unique_id' value='' \/>\n            <input type='hidden' class='gform_hidden' name='state_2' value='WyJbXSIsImE0ZTZiMTExMzQ0ODM0ZDE5NGJiMWUyNDU5ODE5N2Y4Il0=' \/>\n            <input type='hidden' autocomplete='off' class='gform_hidden' name='gform_target_page_number_2' id='gform_target_page_number_2' value='0' \/>\n            <input type='hidden' autocomplete='off' class='gform_hidden' name='gform_source_page_number_2' id='gform_source_page_number_2' value='1' \/>\n            <input type='hidden' name='gform_field_values' value='' \/>\n            \n        <\/div>\n                        <\/form>\n                        <\/div><script type=\"text\/javascript\">\n\/* <![CDATA[ *\/\n gform.initializeOnLoaded( function() {gformInitSpinner( 2, 'https:\/\/www.praxis-fuer-mediation.ch\/wp-content\/plugins\/gravityforms\/images\/spinner.svg', true );jQuery('#gform_ajax_frame_2').on('load',function(){var contents = jQuery(this).contents().find('*').html();var is_postback = contents.indexOf('GF_AJAX_POSTBACK') >= 0;if(!is_postback){return;}var form_content = jQuery(this).contents().find('#gform_wrapper_2');var is_confirmation = jQuery(this).contents().find('#gform_confirmation_wrapper_2').length > 0;var is_redirect = contents.indexOf('gformRedirect(){') >= 0;var is_form = form_content.length > 0 && ! is_redirect && ! is_confirmation;var mt = parseInt(jQuery('html').css('margin-top'), 10) + parseInt(jQuery('body').css('margin-top'), 10) + 100;if(is_form){jQuery('#gform_wrapper_2').html(form_content.html());if(form_content.hasClass('gform_validation_error')){jQuery('#gform_wrapper_2').addClass('gform_validation_error');} else {jQuery('#gform_wrapper_2').removeClass('gform_validation_error');}setTimeout( function() { \/* delay the scroll by 50 milliseconds to fix a bug in chrome *\/  }, 50 );if(window['gformInitDatepicker']) {gformInitDatepicker();}if(window['gformInitPriceFields']) {gformInitPriceFields();}var current_page = jQuery('#gform_source_page_number_2').val();gformInitSpinner( 2, 'https:\/\/www.praxis-fuer-mediation.ch\/wp-content\/plugins\/gravityforms\/images\/spinner.svg', true );jQuery(document).trigger('gform_page_loaded', [2, current_page]);window['gf_submitting_2'] = false;}else if(!is_redirect){var confirmation_content = jQuery(this).contents().find('.GF_AJAX_POSTBACK').html();if(!confirmation_content){confirmation_content = contents;}jQuery('#gform_wrapper_2').replaceWith(confirmation_content);jQuery(document).trigger('gform_confirmation_loaded', [2]);window['gf_submitting_2'] = false;wp.a11y.speak(jQuery('#gform_confirmation_message_2').text());}else{jQuery('#gform_2').append(contents);if(window['gformRedirect']) {gformRedirect();}}jQuery(document).trigger(\"gform_pre_post_render\", [{ formId: \"2\", currentPage: \"current_page\", abort: function() { this.preventDefault(); } }]);        if (event && event.defaultPrevented) {                return;        }        const gformWrapperDiv = document.getElementById( \"gform_wrapper_2\" );        if ( gformWrapperDiv ) {            const visibilitySpan = document.createElement( \"span\" );            visibilitySpan.id = \"gform_visibility_test_2\";            gformWrapperDiv.insertAdjacentElement( \"afterend\", visibilitySpan );        }        const visibilityTestDiv = document.getElementById( \"gform_visibility_test_2\" );        let postRenderFired = false;        function triggerPostRender() {            if ( postRenderFired ) {                return;            }            postRenderFired = true;            gform.core.triggerPostRenderEvents( 2, current_page );            if ( visibilityTestDiv ) {                visibilityTestDiv.parentNode.removeChild( visibilityTestDiv );            }        }        function debounce( func, wait, immediate ) {            var timeout;            return function() {                var context = this, args = arguments;                var later = function() {                    timeout = null;                    if ( !immediate ) func.apply( context, args );                };                var callNow = immediate && !timeout;                clearTimeout( timeout );                timeout = setTimeout( later, wait );                if ( callNow ) func.apply( context, args );            };        }        const debouncedTriggerPostRender = debounce( function() {            triggerPostRender();        }, 200 );        if ( visibilityTestDiv && visibilityTestDiv.offsetParent === null ) {            const observer = new MutationObserver( ( mutations ) => {                mutations.forEach( ( mutation ) => {                    if ( mutation.type === 'attributes' && visibilityTestDiv.offsetParent !== null ) {                        debouncedTriggerPostRender();                        observer.disconnect();                    }                });            });            observer.observe( document.body, {                attributes: true,                childList: false,                subtree: true,                attributeFilter: [ 'style', 'class' ],            });        } else {            triggerPostRender();        }    } );} ); \n\/* ]]> *\/\n<\/script>\n[vc_empty_space height=\u00a0\u00bb30px\u00a0\u00bb][vc_column_text]<strong>Protection des donn\u00e9es:<br \/>\n<\/strong>Nous traitons vos donn\u00e9es de fa\u00e7on confidentielle et nous ne les transmettons jamais \u00e0 des tiers. La protection des donn\u00e9es et la confidentialit\u00e9 sont essentielles pour nous. La r\u00e9colte de vos coordonn\u00e9es se fait dans le seul but de traiter votre demande. Pour plus d\u2019informations, pri\u00e8re de se r\u00e9f\u00e9rer \u00e0 notre d\u00e9claration en mati\u00e8re de protection des donn\u00e9es.[\/vc_column_text][\/vc_column][\/vc_row][vc_row][vc_column][vc_empty_space height=\u00a0\u00bb100px\u00a0\u00bb][\/vc_column][\/vc_row]<\/p>\n","protected":false},"excerpt":{"rendered":"<p>[vc_row][vc_column][vc_column_text] Contact [\/vc_column_text][vc_column_text]Centre biennois de m\u00e9diation Rue de la Gare 50 2502 Bienne T\u00e9l\u00e9phone +41 (0)31 636 15 40 info@praxis-fuer-mediation.ch www.praxis-fuer-mediation.ch[\/vc_column_text][vc_empty_space height=\u00a0\u00bb30px\u00a0\u00bb][vc_column_text] Formulaire de contact [\/vc_column_text][vc_empty_space height=\u00a0\u00bb30px\u00a0\u00bb][vc_column_text]Protection des donn\u00e9es: Nous traitons vos donn\u00e9es de fa\u00e7on confidentielle et nous ne les transmettons jamais \u00e0 des tiers. La protection des donn\u00e9es et la confidentialit\u00e9 sont essentielles pour [&hellip;]<\/p>\n","protected":false},"author":1,"featured_media":0,"parent":0,"menu_order":999,"comment_status":"closed","ping_status":"closed","template":"","meta":{"_acf_changed":false,"footnotes":""},"acf":[],"yoast_head":"<!-- This site is optimized with the Yoast SEO plugin v23.9 - https:\/\/yoast.com\/wordpress\/plugins\/seo\/ -->\n<title>Contact - Centre biennois de m\u00e9diation - Biel\/Bienne<\/title>\n<meta name=\"robots\" content=\"index, follow, max-snippet:-1, max-image-preview:large, max-video-preview:-1\" \/>\n<link rel=\"canonical\" href=\"https:\/\/www.praxis-fuer-mediation.ch\/fr\/contact\/\" \/>\n<meta property=\"og:locale\" content=\"fr_FR\" \/>\n<meta property=\"og:type\" content=\"article\" \/>\n<meta property=\"og:title\" content=\"Contact - Centre biennois de m\u00e9diation - Biel\/Bienne\" \/>\n<meta property=\"og:description\" content=\"[vc_row][vc_column][vc_column_text] Contact [\/vc_column_text][vc_column_text]Centre biennois de m\u00e9diation Rue de la Gare 50 2502 Bienne T\u00e9l\u00e9phone +41 (0)31 636 15 40 info@praxis-fuer-mediation.ch www.praxis-fuer-mediation.ch[\/vc_column_text][vc_empty_space height=\u00a0\u00bb30px\u00a0\u00bb][vc_column_text] Formulaire de contact [\/vc_column_text][vc_empty_space height=\u00a0\u00bb30px\u00a0\u00bb][vc_column_text]Protection des donn\u00e9es: Nous traitons vos donn\u00e9es de fa\u00e7on confidentielle et nous ne les transmettons jamais \u00e0 des tiers. La protection des donn\u00e9es et la confidentialit\u00e9 sont essentielles pour [&hellip;]\" \/>\n<meta property=\"og:url\" content=\"https:\/\/www.praxis-fuer-mediation.ch\/fr\/contact\/\" \/>\n<meta property=\"og:site_name\" content=\"Bieler Praxis f\u00fcr Mediation\" \/>\n<meta property=\"article:modified_time\" content=\"2021-07-16T10:04:44+00:00\" \/>\n<meta name=\"twitter:card\" content=\"summary_large_image\" \/>\n<meta name=\"twitter:label1\" content=\"Dur\u00e9e de lecture estim\u00e9e\" \/>\n\t<meta name=\"twitter:data1\" content=\"1 minute\" \/>\n<script type=\"application\/ld+json\" class=\"yoast-schema-graph\">{\"@context\":\"https:\/\/schema.org\",\"@graph\":[{\"@type\":\"WebPage\",\"@id\":\"https:\/\/www.praxis-fuer-mediation.ch\/fr\/contact\/\",\"url\":\"https:\/\/www.praxis-fuer-mediation.ch\/fr\/contact\/\",\"name\":\"Contact - Centre biennois de m\u00e9diation - Biel\/Bienne\",\"isPartOf\":{\"@id\":\"https:\/\/www.praxis-fuer-mediation.ch\/fr\/#website\"},\"datePublished\":\"2021-06-07T09:46:39+00:00\",\"dateModified\":\"2021-07-16T10:04:44+00:00\",\"breadcrumb\":{\"@id\":\"https:\/\/www.praxis-fuer-mediation.ch\/fr\/contact\/#breadcrumb\"},\"inLanguage\":\"fr-FR\",\"potentialAction\":[{\"@type\":\"ReadAction\",\"target\":[\"https:\/\/www.praxis-fuer-mediation.ch\/fr\/contact\/\"]}]},{\"@type\":\"BreadcrumbList\",\"@id\":\"https:\/\/www.praxis-fuer-mediation.ch\/fr\/contact\/#breadcrumb\",\"itemListElement\":[{\"@type\":\"ListItem\",\"position\":1,\"name\":\"Startseite\",\"item\":\"https:\/\/www.praxis-fuer-mediation.ch\/fr\/\"},{\"@type\":\"ListItem\",\"position\":2,\"name\":\"contact\"}]},{\"@type\":\"WebSite\",\"@id\":\"https:\/\/www.praxis-fuer-mediation.ch\/fr\/#website\",\"url\":\"https:\/\/www.praxis-fuer-mediation.ch\/fr\/\",\"name\":\"Bieler Praxis f\u00fcr Mediation\",\"description\":\"\",\"potentialAction\":[{\"@type\":\"SearchAction\",\"target\":{\"@type\":\"EntryPoint\",\"urlTemplate\":\"https:\/\/www.praxis-fuer-mediation.ch\/fr\/?s={search_term_string}\"},\"query-input\":{\"@type\":\"PropertyValueSpecification\",\"valueRequired\":true,\"valueName\":\"search_term_string\"}}],\"inLanguage\":\"fr-FR\"}]}<\/script>\n<!-- \/ Yoast SEO plugin. -->","yoast_head_json":{"title":"Contact - Centre biennois de m\u00e9diation - Biel\/Bienne","robots":{"index":"index","follow":"follow","max-snippet":"max-snippet:-1","max-image-preview":"max-image-preview:large","max-video-preview":"max-video-preview:-1"},"canonical":"https:\/\/www.praxis-fuer-mediation.ch\/fr\/contact\/","og_locale":"fr_FR","og_type":"article","og_title":"Contact - Centre biennois de m\u00e9diation - Biel\/Bienne","og_description":"[vc_row][vc_column][vc_column_text] Contact [\/vc_column_text][vc_column_text]Centre biennois de m\u00e9diation Rue de la Gare 50 2502 Bienne T\u00e9l\u00e9phone +41 (0)31 636 15 40 info@praxis-fuer-mediation.ch www.praxis-fuer-mediation.ch[\/vc_column_text][vc_empty_space height=\u00a0\u00bb30px\u00a0\u00bb][vc_column_text] Formulaire de contact [\/vc_column_text][vc_empty_space height=\u00a0\u00bb30px\u00a0\u00bb][vc_column_text]Protection des donn\u00e9es: Nous traitons vos donn\u00e9es de fa\u00e7on confidentielle et nous ne les transmettons jamais \u00e0 des tiers. La protection des donn\u00e9es et la confidentialit\u00e9 sont essentielles pour [&hellip;]","og_url":"https:\/\/www.praxis-fuer-mediation.ch\/fr\/contact\/","og_site_name":"Bieler Praxis f\u00fcr Mediation","article_modified_time":"2021-07-16T10:04:44+00:00","twitter_card":"summary_large_image","twitter_misc":{"Dur\u00e9e de lecture estim\u00e9e":"1 minute"},"schema":{"@context":"https:\/\/schema.org","@graph":[{"@type":"WebPage","@id":"https:\/\/www.praxis-fuer-mediation.ch\/fr\/contact\/","url":"https:\/\/www.praxis-fuer-mediation.ch\/fr\/contact\/","name":"Contact - Centre biennois de m\u00e9diation - Biel\/Bienne","isPartOf":{"@id":"https:\/\/www.praxis-fuer-mediation.ch\/fr\/#website"},"datePublished":"2021-06-07T09:46:39+00:00","dateModified":"2021-07-16T10:04:44+00:00","breadcrumb":{"@id":"https:\/\/www.praxis-fuer-mediation.ch\/fr\/contact\/#breadcrumb"},"inLanguage":"fr-FR","potentialAction":[{"@type":"ReadAction","target":["https:\/\/www.praxis-fuer-mediation.ch\/fr\/contact\/"]}]},{"@type":"BreadcrumbList","@id":"https:\/\/www.praxis-fuer-mediation.ch\/fr\/contact\/#breadcrumb","itemListElement":[{"@type":"ListItem","position":1,"name":"Startseite","item":"https:\/\/www.praxis-fuer-mediation.ch\/fr\/"},{"@type":"ListItem","position":2,"name":"contact"}]},{"@type":"WebSite","@id":"https:\/\/www.praxis-fuer-mediation.ch\/fr\/#website","url":"https:\/\/www.praxis-fuer-mediation.ch\/fr\/","name":"Bieler Praxis f\u00fcr Mediation","description":"","potentialAction":[{"@type":"SearchAction","target":{"@type":"EntryPoint","urlTemplate":"https:\/\/www.praxis-fuer-mediation.ch\/fr\/?s={search_term_string}"},"query-input":{"@type":"PropertyValueSpecification","valueRequired":true,"valueName":"search_term_string"}}],"inLanguage":"fr-FR"}]}},"_links":{"self":[{"href":"https:\/\/www.praxis-fuer-mediation.ch\/fr\/wp-json\/wp\/v2\/pages\/842"}],"collection":[{"href":"https:\/\/www.praxis-fuer-mediation.ch\/fr\/wp-json\/wp\/v2\/pages"}],"about":[{"href":"https:\/\/www.praxis-fuer-mediation.ch\/fr\/wp-json\/wp\/v2\/types\/page"}],"author":[{"embeddable":true,"href":"https:\/\/www.praxis-fuer-mediation.ch\/fr\/wp-json\/wp\/v2\/users\/1"}],"replies":[{"embeddable":true,"href":"https:\/\/www.praxis-fuer-mediation.ch\/fr\/wp-json\/wp\/v2\/comments?post=842"}],"version-history":[{"count":7,"href":"https:\/\/www.praxis-fuer-mediation.ch\/fr\/wp-json\/wp\/v2\/pages\/842\/revisions"}],"predecessor-version":[{"id":959,"href":"https:\/\/www.praxis-fuer-mediation.ch\/fr\/wp-json\/wp\/v2\/pages\/842\/revisions\/959"}],"wp:attachment":[{"href":"https:\/\/www.praxis-fuer-mediation.ch\/fr\/wp-json\/wp\/v2\/media?parent=842"}],"curies":[{"name":"wp","href":"https:\/\/api.w.org\/{rel}","templated":true}]}}